{"id":41,"date":"2016-06-21T18:48:18","date_gmt":"2016-06-21T21:48:18","guid":{"rendered":"http:\/\/www.gatavirtual.com\/blog\/?page_id=41"},"modified":"2017-09-08T12:28:08","modified_gmt":"2017-09-08T15:28:08","slug":"newsletter","status":"publish","type":"page","link":"https:\/\/gatavirtual.com\/blog\/newsletter\/","title":{"rendered":"Receba novidades"},"content":{"rendered":"<p>Quer saber sobre <a href=\"https:\/\/www.gatavirtual.com\/garotas\/acompanhantes-sao-jose-do-rio-preto\/1\"><strong>acompanhantes em S\u00e3o Jos\u00e9 do Rio Preto<\/strong><\/a> e cidades da regi\u00e3o, al\u00e9m de novidades do mundo do sexo ? Ent\u00e3o se inscreva agora.<\/p>\n<p>N\u00f3s n\u00e3o fazemos spam !<\/p>\n<p>[newsletter_signup]Informe seu e-mail e receba novidades semanal[newsletter_signup_form id=1][\/newsletter_signup] [newsletter_confirm]Obrigado pelo seu interesse![\/newsletter_confirm] [newsletter_unsubscribe]Voc\u00ea realmente deseja se descadastrar?[\/newsletter_unsubscribe]<\/p>\n","protected":false},"excerpt":{"rendered":"<p>Quer saber sobre acompanhantes em S\u00e3o Jos\u00e9 do Rio Preto e cidades da regi\u00e3o, al\u00e9m de novidades do mundo do&hellip;<\/p>\n","protected":false},"author":1,"featured_media":0,"parent":0,"menu_order":0,"comment_status":"closed","ping_status":"closed","template":"","meta":{"_monsterinsights_skip_tracking":false,"_monsterinsights_sitenote_active":false,"_monsterinsights_sitenote_note":"","_monsterinsights_sitenote_category":0,"footnotes":""},"class_list":["post-41","page","type-page","status-publish","hentry"],"aioseo_notices":[],"wps_subtitle":"","_links":{"self":[{"href":"https:\/\/gatavirtual.com\/blog\/wp-json\/wp\/v2\/pages\/41","targetHints":{"allow":["GET"]}}],"collection":[{"href":"https:\/\/gatavirtual.com\/blog\/wp-json\/wp\/v2\/pages"}],"about":[{"href":"https:\/\/gatavirtual.com\/blog\/wp-json\/wp\/v2\/types\/page"}],"author":[{"embeddable":true,"href":"https:\/\/gatavirtual.com\/blog\/wp-json\/wp\/v2\/users\/1"}],"replies":[{"embeddable":true,"href":"https:\/\/gatavirtual.com\/blog\/wp-json\/wp\/v2\/comments?post=41"}],"version-history":[{"count":8,"href":"https:\/\/gatavirtual.com\/blog\/wp-json\/wp\/v2\/pages\/41\/revisions"}],"predecessor-version":[{"id":856,"href":"https:\/\/gatavirtual.com\/blog\/wp-json\/wp\/v2\/pages\/41\/revisions\/856"}],"wp:attachment":[{"href":"https:\/\/gatavirtual.com\/blog\/wp-json\/wp\/v2\/media?parent=41"}],"curies":[{"name":"wp","href":"https:\/\/api.w.org\/{rel}","templated":true}]}}